{"id":872,"date":"2025-03-24T11:32:06","date_gmt":"2025-03-24T10:32:06","guid":{"rendered":"https:\/\/konobavorichi.com\/vinska-karta\/"},"modified":"2025-05-23T13:13:21","modified_gmt":"2025-05-23T11:13:21","slug":"wine-list","status":"publish","type":"page","link":"https:\/\/konobavorichi.com\/en\/wine-list\/","title":{"rendered":"Wine List"},"content":{"rendered":"<section class=\"bde-section-872-100 bde-section\">\n              \n  \n\t\n\n  <div class=\"section-background-overlay\"><\/div>\n\n\n<div class=\"section-container\"><div class=\"bde-image-872-101 bde-image\" data-entrance=\"slideDown\">\n<figure class=\"breakdance-image breakdance-image--250\">\n\t<div class=\"breakdance-image-container\">\n\t\t<div class=\"breakdance-image-clip\"><img loading=\"lazy\" decoding=\"async\" class=\"breakdance-image-object\" src=\"https:\/\/konobavorichi.com\/wp-content\/uploads\/2025\/03\/Asset-2@2x.png\" width=\"710\" height=\"341\" sizes=\"auto, (max-width: 710px) 100vw, 710px\"><\/div>\n\t<\/div><\/figure>\n\n<\/div><h1 class=\"bde-heading-872-102 bde-heading\" data-entrance=\"fade\">\nWine list\n<\/h1><\/div>\n<\/section><section class=\"bde-section-872-115 bde-section\">\n              \n  \n\t\n\n  <div class=\"section-background-overlay\"><\/div>\n\n\n<div class=\"section-container\"><div class=\"bde-fancy-divider-872-122 bde-fancy-divider\" data-entrance=\"zoomIn\">\n\n\n<div class=\"bde-fancy-divider__wrapper\">\n  <div class=\"bde-fancy-divider__separator has-content  \">\n  \t    \t    \t    \t\t\t    \t\t<div class=\"bde-fancy-divider__content bde-fancy-divider__content--icon\"><svg xmlns=\"http:\/\/www.w3.org\/2000\/svg\" id=\"Layer_2\" data-name=\"Layer 2\" viewBox=\"0 0 273.65 169.3\">\r\n  <defs>\r\n    <style>\r\n      .cls-1 {\r\n        fill: #fff;\r\n      }\r\n    <\/style>\r\n  <\/defs>\r\n  <g id=\"Layer_1-2\" data-name=\"Layer 1\">\r\n    <path class=\"cls-1\" d=\"M113.63,94.76c-1.1,1.95-2.26,3.86-3.32,5.83-.78,1.43-1.43,2.92-2.16,4.38-.61,1.21-1.2,2.45-2.27,3.34-.12.1-.21.22-.29.35-1.25,2.16-2.52,4.3-3.73,6.48-.72,1.28-1.43,2.57-2,3.92-.42,1-.61,2.09-.91,3.14-.08.28-.17.58-.32.83-1.24,1.94-2.56,3.84-3.74,5.83-.55.92-1.22,1.77-1.56,2.85-.25.79-.91,1.46-1.41,2.18-1.51,2.18-2.61,4.59-3.87,6.91-.77,1.42-1.76,2.72-2.65,4.08-.14.22-.4.45-.4.67.01.84-.57,1.4-.92,2.04-.68,1.26-1.52,2.43-2.29,3.64-1.05,1.67-2.17,3.29-3.54,4.72-.46.48-.84,1.08-1.11,1.68-.85,1.88-2.41,3.2-3.64,4.77-1.44,1.84-3.03,3.57-4.64,5.28-.56.59-1.34.96-2.09,1.48-.46-.29-.94-.34-1.51-.03-.39.21-.94.17-1.41.16-.76-.01-1.52-.03-2.26-.16-1.3-.21-2.45-.66-3.18-1.92-.43-.74-1.06-1.36-1.62-2.02-.99-1.16-1.39-2.54-1.57-4.01-.07-.64-.19-1.27-.23-1.9-.12-1.93-.12-3.84.32-5.74.25-1.06.34-2.16.52-3.24.11-.63.25-1.25.41-1.87.79-3.12,1.58-6.23,2.4-9.35.15-.58.42-1.13.64-1.7,1.03-2.68,2.05-5.36,3.11-8.03.31-.77.74-1.5,1.1-2.25.97-2.01,1.87-4.05,2.91-6.03,1.07-2.04,2.28-4.01,3.38-6.03.45-.83.77-1.73,1.19-2.58,1.11-2.27,2.24-4.54,3.37-6.8.1-.19.3-.33.41-.52.38-.64.74-1.29,1.11-1.94.3-.52.64-1.02.9-1.55.39-.81.67-1.68,1.08-2.48.64-1.23,1.35-2.43,2.02-3.65,1.64-2.98,3.2-6.01,4.95-8.93,2.13-3.55,3.77-7.34,5.57-11.05,1.18-2.45,2.44-4.87,3.61-7.32.57-1.21,1.28-2.3,2.03-3.4.57-.84.91-1.83,1.34-2.76.82-1.78,1.62-3.56,2.44-5.34.09-.21.23-.39.33-.6.62-1.24,1.3-2.45,1.83-3.73.56-1.34,1.3-2.55,2.06-3.77.58-.93,1.01-1.95,1.52-2.92.85-1.65,1.71-3.29,2.55-4.93.33-.64.62-1.29.97-1.92.38-.69.81-1.36,1.21-2.04,1.08-1.87,2.13-3.74,3.22-5.61,1.32-2.25,2.66-4.49,3.98-6.73.99-1.69,1.94-3.4,2.97-5.07.41-.67.98-1.25,1.47-1.88.22-.28.43-.58.53-1.01-.31.11-.62.2-.92.34-.48.22-.94.47-1.4.73-.58.32-1.2.56-1.73,1.02-.47.4-1.13.6-1.74.82-1.18.42-2.31.91-3.4,1.54-.89.52-1.96.75-2.96,1.07-2.19.7-4.43,1.28-6.59,2.09-1.66.62-3.34.92-5.09,1-.63.03-1.26.21-1.89.35-2.14.45-4.28.93-6.43,1.36-1.66.33-3.32.67-5,.88-2.73.35-5.46.73-8.24.62-3.09-.12-6.19-.07-9.28-.13-.98-.02-1.95-.19-2.93-.25-1.62-.11-3.24-.16-4.86-.27-1.74-.12-3.46-.33-5.2-.44-1.92-.13-3.85-.19-5.78-.29-.64-.03-1.29-.09-1.93-.15-3.32-.33-6.64-.66-9.98-.64-.83,0-1.66-.12-2.49-.16-1.35-.06-2.7-.1-4.05-.12-2.27-.03-4.54-.04-6.81-.07-2.06-.03-4.09.14-6.01.9-.83.33-1.58.88-2.4,1.23-3.2,1.36-5.4,3.75-7.19,6.63-.92,1.48-1.85,2.93-2.51,4.55-.78,1.91-1.34,3.84-1.1,5.94.03.23.07.46.04.68-.17,1.68.34,3.18,1.07,4.67.55,1.14.81,2.43,1.34,3.59.56,1.23,1.29,2.39,1.94,3.58.09.16.19.32.3.5-.14.18-.26.35-.47.64.46.52,1.06.98,1.37,1.58,1.66,3.26,4.61,5.25,7.29,7.48,1.58,1.32,3.49,2.1,5.48,2.66,2.03.57,4.04,1.26,6.08,1.79,2.61.68,5.28.6,7.97.52,4.02-.12,7.86-1.17,11.71-2.14,2.48-.62,4.85-1.67,7.3-2.43,3.33-1.04,6.19-2.98,9.14-4.73,1.26-.75,2.46-1.61,3.69-2.42,2.03-1.33,3.37-3.31,4.8-5.2,1.02-1.35,2.02-2.74,2.91-4.18.63-1.02,1.01-2.2,1.6-3.25.68-1.22,1.46-2.38,2.19-3.57.44-.72,1-1.31,1.13-2.27.11-.84.76-1.61,1.2-2.39.55-.98,1.13-1.95,1.72-2.92.1-.17.39-.42.47-.38.24.12.61.37.6.56-.03.66.08,1.36-.34,1.97-.4.6-.74,1.24-1.15,1.83-.48.69-.87,1.41-.88,2.27-.01.68-.3,1.21-.76,1.71-1.33,1.45-2.12,3.21-2.75,5.06-.05.14-.05.31-.13.44-.82,1.49-1.6,3.01-2.48,4.47-.61,1-1.41,1.89-2.03,2.88-.56.89-.9,1.94-1.54,2.75-.62.8-1.46,1.42-1.89,2.39-.16.36-.52.65-.84.91-1.96,1.58-3.94,3.15-5.92,4.71-1.14.9-2.27,1.82-3.45,2.67-1.68,1.21-3.4,2.36-5.11,3.54-.06.04-.13.07-.2.1-1.12.47-2.13,1.1-3.08,1.87-1.27,1.03-2.72,1.74-4.26,2.28-1.56.55-3.07,1.26-4.66,1.7-1.37.38-2.83.47-4.24.73-1.89.35-3.77.05-5.66.06-1.52,0-2.98-.4-4.49-.42-.9,0-1.81-.16-2.7-.32-.59-.1-1.16-.32-1.74-.47-.4-.1-.81-.17-1.22-.25-.84-.18-1.68-.35-2.52-.53-.8-.17-1.64-.2-2.36-.68-.62-.42-1.26-.81-1.9-1.2-.87-.52-1.75-1.02-2.62-1.54-.22-.13-.41-.32-.6-.5-.22-.21-.4-.5-.65-.62-1.36-.65-2.24-1.88-3.41-2.76-.42-.32-.78-.71-1.13-1.11-.55-.62-1.14-1.23-1.6-1.91-.93-1.41-1.85-2.83-2.66-4.32-.83-1.52-1.57-3.09-2.28-4.68-.47-1.06-.72-2.21-1.22-3.25-.66-1.38-.39-2.86-.6-4.28C.05,51.51,0,50.06,0,48.62c0-1.95.41-3.92,1.29-5.6,1.06-2.01,1.53-4.23,2.63-6.2.42-.76.92-1.48,1.36-2.23,1.08-1.82,2.25-3.61,3.79-5.05,1.64-1.54,3.31-3.13,5.54-3.89.67-.23,1.36-.52,1.94-.92,1.91-1.36,4.1-1.89,6.35-2.26.45-.07.89-.17,1.32-.3,1.49-.42,2.96-.82,4.56-.8,1.22.02,2.44-.5,3.68-.62,2.63-.26,5.28-.39,7.91-.61,2-.17,4,.03,5.99.09,1.44.04,2.88-.17,4.32-.17,1.74,0,3.48.09,5.22.16,1.28.05,2.57.09,3.85.19,1.92.15,3.83.35,5.77.13.81-.09,1.65.19,2.48.2,3.64.06,7.28.07,10.92.12,3.38.05,6.74-.22,10.07-.76,1.08-.17,2.18-.26,3.27-.3,2.36-.09,4.64-.69,6.94-1.11,2.27-.42,4.54-.85,6.82-1.18,2.65-.39,5.15-1.2,7.62-2.19,1.12-.45,2.25-.91,3.4-1.3,2.47-.83,4.48-2.38,6.51-3.93,1.68-1.28,3.43-2.48,5.19-3.64,1.1-.72,2.06-1.52,2.7-2.69.87-1.59,1.98-2.95,3.91-3.75.08.32.28.66.18.86-.37.85-.65,1.73-.93,2.61-.31.94-.97,1.79-1.54,2.62-2.25,3.28-4.54,6.53-6.8,9.8-.52.75-.99,1.49-1.87,1.92-.43.21-.76.74-.99,1.19-.84,1.62-1.88,3.08-3.16,4.38-.31.32-.54.73-.79,1.11-1.64,2.59-3.32,5.15-4.89,7.78-1.51,2.52-2.92,5.11-4.35,7.68-1.23,2.21-2.46,4.43-3.64,6.66-.8,1.51-1.52,3.05-2.27,4.58-.58,1.19-1.19,2.36-1.73,3.57-.55,1.24-1,2.53-1.56,3.77-.55,1.24-1.2,2.43-1.77,3.66-.7,1.51-1.36,3.04-2.03,4.56-.44.98-.89,1.96-1.31,2.95-1.12,2.64-2.2,5.29-3.36,7.91-1.12,2.52-2.32,5.01-3.49,7.51-.38.82-.77,1.65-1.13,2.48-.83,1.91-1.67,3.82-2.45,5.75-.2.48-.18,1.04-.33,1.54-.32,1.05-.61,2.11-1.04,3.11-1.69,3.97-3.42,7.92-5.15,11.87-.52,1.18-1.13,2.31-1.62,3.5-.58,1.4-1.1,2.82-1.61,4.25-.6,1.67-1.16,3.35-1.73,5.03-.7,2.07-1.4,4.14-2.09,6.21-.64,1.92-1.27,3.85-1.92,5.77-.07.21-.24.38-.35.58-.21.39-.54.77-.6,1.18-.19,1.51-.74,2.91-1.21,4.34-.27.82-.62,1.63-.87,2.46-.31,1.01-.55,2.04-.82,3.06-.21.77-.45,1.53-.63,2.3-.63,2.73-1.28,5.45-1.83,8.19-.26,1.29-.31,2.63-.43,3.95-.02.17.02.41.13.53.37.42.52.89.61,1.43.04.25.31.56.55.65.87.33,1.74.46,2.54-.28.41-.38.99-.59,1.38-.98.66-.66,1.25-1.4,1.86-2.12.7-.83,1.41-1.67,2.06-2.54.75-.99,1.43-2.03,2.16-3.04.9-1.26,1.77-2.53,2.73-3.75,1.23-1.58,2.57-3.07,3.77-4.67.48-.64.71-1.47,1.11-2.18.52-.92,1.06-1.83,1.64-2.71.93-1.42,1.9-2.83,2.86-4.23.81-1.18,1.66-2.34,2.46-3.52.87-1.27,1.7-2.55,2.56-3.83.5-.75,1.08-1.45,1.53-2.23,1.45-2.48,2.79-5.02,4.28-7.47,1.49-2.45,2.81-4.99,4.12-7.53.45-.87.96-1.72,1.45-2.56.89-1.53,1.83-3.04,2.69-4.59.55-.98.88-2.11,1.53-3,.83-1.15,1.46-2.42,2.2-3.62.72-1.18,1.21-2.5,1.83-3.74.3-.6.74-1.14,1.03-1.75.4-.84.64-1.77,1.11-2.57.6-1,.86-2.16,1.6-3.09.49-.61.84-1.34,1.24-2.02.59-1.01,1.29-1.98,1.73-3.05,1.37-3.34,3.53-6.2,5.46-9.2.89-1.39,1.82-2.76,2.8-4.09.99-1.34,2.03-2.63,3.09-3.91,3.15-3.78,6.41-7.48,9.44-11.36,1.24-1.58,2.54-3.1,3.87-4.6,1.66-1.87,3.37-3.7,5.09-5.52,1.32-1.4,2.54-2.97,4.08-4.09,1.76-1.28,3.12-2.96,4.85-4.25,1.32-.99,2.47-2.21,3.76-3.24.86-.68,1.84-1.18,2.77-1.77,1.78-1.14,3.54-2.31,5.35-3.41,2.49-1.51,5.02-2.96,7.52-4.46.64-.38,1.21-.89,1.87-1.26,1.74-.98,3.5-1.93,5.27-2.87,2.91-1.54,5.75-3.23,8.77-4.53,2.55-1.11,5.13-2.2,7.88-2.85,1.91-.45,3.74-1.2,5.63-1.72,1.6-.44,3.22-.81,4.85-1.11,2.57-.47,5.16-.8,7.73-1.27,2.93-.54,5.88-.58,8.84-.55,1.74.02,3.49-.13,5.23-.04,1.81.1,3.63.29,5.41.61,2.56.46,5.12.99,7.65,1.63,1.75.45,3.52.98,5.14,1.75,1.74.83,3.51,1.61,5.2,2.51,2.12,1.14,4.08,2.56,6.11,3.86.22.14.44.3.67.43,1.21.69,2.46,1.29,3.61,2.07,1.09.74,2.08,1.63,3.08,2.5,1.24,1.07,2.35,2.28,3.16,3.69.66,1.15,1.39,2.32,1.47,3.69-.63.36-.72-.38-1.28-.39,0,.21-.07.46.02.64.34.67.74,1.32,1.11,1.98.22.4.21.41-.15,1.14-1.04-1.25-2.04-2.44-3.11-3.72-.49.6-.94.45-1.34.03-.62-.66-1.23-1.34-1.84-2.02-.18-.2-.33-.42-.54-.58-1.17-.9-2.25-1.96-3.55-2.62-1.83-.93-3.51-2.26-5.64-2.54-.14-.02-.28-.11-.41-.18-1.87-1.02-3.93-1.53-5.94-2.15-1.98-.61-4-1.11-6.05-1.45-2.42-.4-4.8-1.01-7.29-1.04-2.15-.03-4.29-.42-6.44-.54-1.72-.1-3.46-.03-5.19-.02-.75,0-1.51.1-2.25.06-1.9-.11-3.77.16-5.64.42-2.59.36-5.18.75-7.76,1.18-1.63.27-3.26.59-4.87.96-1.38.32-2.72.8-4.13.99-.47.06-.89.4-1.36.53-1.65.43-3.23.99-4.8,1.7-1.36.62-2.9.83-4.32,1.33-2.78.98-5.55,1.98-8.29,3.06-3.38,1.33-6.47,3.28-9.71,4.91-2.04,1.03-4.14,1.95-6.11,3.1-2.15,1.25-4.18,2.72-6.27,4.08-.35.23-.7.44-1.06.65-1.14.66-2.32,1.25-3.22,2.28-.43.5-1.1.78-1.62,1.23-.89.76-1.74,1.58-2.61,2.36-1.49,1.33-3.01,2.63-4.47,4-1.24,1.17-2.39,2.41-3.58,3.63-1,1.02-2.06,1.99-2.99,3.08-1.59,1.87-3.1,3.81-4.65,5.72-.28.35-.54.73-.87,1.03-1.52,1.4-2.63,3.12-3.9,4.72-1.9,2.4-3.79,4.82-5.64,7.26-.64.84-1.16,1.77-1.71,2.67-.79,1.29-1.54,2.6-2.32,3.89-1.4,2.34-2.71,4.74-4.25,6.99-1.62,2.37-2.61,5.04-4.01,7.51\"\/>\r\n  <\/g>\r\n<\/svg><\/div>\n    \t                  <\/div>\n<\/div>\n\n<\/div><div class=\"bde-div-872-116 bde-div\">\n  \n\t\n\n\n\n<div class=\"bde-rich-text-872-117 bde-rich-text breakdance-rich-text-styles\">\n<h4 style=\"text-align: center;\"><b>Local White Wines<\/b><\/h4>\n<p style=\"text-align: center;\"><strong>RADOVAN<\/strong><\/p>\n<p style=\"text-align: center;\">\u00a0Malvazija<\/p>\n<p style=\"text-align: center;\">Chardonnay<\/p>\n&nbsp;\n<p style=\"text-align: center;\"><strong>CUJ<\/strong><\/p>\n<p style=\"text-align: center;\">\u00a0Malvazija<\/p>\n&nbsp;\n<p style=\"text-align: center;\"><b>TOMAZ<\/b><\/p>\n<p style=\"text-align: center;\">\u00a0Sesto Senso<\/p>\n&nbsp;\n<p style=\"text-align: center;\"><b>KABOLA<\/b><\/p>\n<p style=\"text-align: center;\">Amfora<\/p>\n<p style=\"text-align: center;\">Mu\u0161katelo (0,5 l)<\/p>\n&nbsp;\n<p style=\"text-align: center;\"><b>PIQUENTUM<\/b><\/p>\n<p style=\"text-align: center;\">Malvazija<\/p>\n&nbsp;\n<p style=\"text-align: center;\"><b>DOBRAVAC<\/b><\/p>\n<p style=\"text-align: center;\">Simminor<\/p>\n<p style=\"text-align: center;\">\u00a0Simfonija<\/p>\n<p style=\"text-align: center;\"><\/p>\n&nbsp;\n<p style=\"text-align: center;\"><b>GHIRA<\/b><\/p>\n<p style=\"text-align: center;\">Madura<\/p>\n<p style=\"text-align: center;\">Tortura (White Muscat) (0.75 l)<\/p>\n<p style=\"text-align: center;\">\u0160\u010du\u0107a (White Muscat) (0.5 l)<\/p>\n&nbsp;\n<p style=\"text-align: center;\"><b>VERALDA<\/b><\/p>\n<p style=\"text-align: center;\">\u00a0Castagnari<\/p>\n<p style=\"text-align: center;\">Le Rote<\/p>\n<p style=\"text-align: center;\">Xtrian Brut - Ros\u00e9<\/p>\n&nbsp;\n<p style=\"text-align: center;\"><b>DAMJANI\u0106<\/b><\/p>\n<p style=\"text-align: center;\">Clemente White<\/p>\n&nbsp;\n<p style=\"text-align: center;\"><b>CLAI<\/b><\/p>\n<p style=\"text-align: center;\">\u00a0Ottocento<\/p>\n<p style=\"text-align: center;\">Tasel (0,375 l)<\/p>\n&nbsp;\n<p style=\"text-align: center;\"><b>TOMAC<\/b><\/p>\n<p style=\"text-align: center;\">\u00a0Marany<\/p>\n&nbsp;\n<p style=\"text-align: center;\"><strong>KOQUELICOT<\/strong><\/p>\n<p style=\"text-align: center;\"><span style=\"font-weight: 400;\">Kontempo<\/span><\/p>\n&nbsp;\n<p style=\"text-align: center;\"><b>BABOS<\/b><\/p>\n<p style=\"text-align: center;\">\u00a0Ros\u00e9 Charmant<\/p>\n&nbsp;\n<p style=\"text-align: center;\"><b>KOZLOVI\u0106<\/b><\/p>\n<p style=\"text-align: center;\"><span style=\"font-weight: 400;\">Semi-sweet Muscat (0,5 l)<\/span><\/p>\n&nbsp;\n<p style=\"text-align: center;\"><b>HOSEU WINE (VORICHI)<\/b><\/p>\n<p style=\"text-align: center;\">\u00a0Malvazija (0,75 l)<\/p>\n<p style=\"text-align: center;\">\u00a0Malvazija (0,125 l)<\/p>\n&nbsp;\n<h4 style=\"text-align: center;\"><b>Local Red Wines<\/b><\/h4>\n&nbsp;\n<p style=\"text-align: center;\"><b>TOMAZ<\/b><\/p>\n<p style=\"text-align: center;\">Barbarossa<\/p>\n<p style=\"text-align: center;\">\u00a0Merlot<\/p>\n&nbsp;\n<p style=\"text-align: center;\"><b>CUJ<\/b><\/p>\n<p style=\"text-align: center;\">Teran<\/p>\n<p style=\"text-align: center;\">Boscolo<\/p>\n&nbsp;\n<p style=\"text-align: center;\"><b>PIQUENTUM<\/b><\/p>\n<p style=\"text-align: center;\">Teran Vrh<\/p>\n<p style=\"text-align: center;\">Refo\u0161k<\/p>\n&nbsp;\n<p style=\"text-align: center;\"><b>KABOLA<\/b><\/p>\n<p style=\"text-align: center;\">\u00a0Amfora<\/p>\n<p style=\"text-align: center;\">Cabernet Sauvignon<\/p>\n&nbsp;\n<p style=\"text-align: center;\"><b>BENVENUTI<\/b><\/p>\n<p style=\"text-align: center;\">Santa Elisabetta<\/p>\n&nbsp;\n<p style=\"text-align: center;\"><b>DE GRASSI<\/b><\/p>\n<p style=\"text-align: center;\">Pinot Noir<\/p>\n&nbsp;\n<p style=\"text-align: center;\"><b>TOMAC<\/b><\/p>\n<p style=\"text-align: center;\">Marany<\/p>\n&nbsp;\n<p style=\"text-align: center;\"><b>BABOS<\/b><\/p>\n<p style=\"text-align: center;\">Marana (Cabernet Sauvignon + Merlot)<\/p>\n&nbsp;\n<p style=\"text-align: center;\"><b>CLAI<\/b><\/p>\n<p style=\"text-align: center;\">\u00a0Ottocento Red<\/p>\n&nbsp;\n<p style=\"text-align: center;\"><b>GHIRA<\/b><\/p>\n<p style=\"text-align: center;\">Riquertz (1,5 l)<\/p>\n<p style=\"text-align: center;\">Manera<\/p>\n&nbsp;\n<p style=\"text-align: center;\"><b>CORONICA<\/b><\/p>\n<p style=\"text-align: center;\"><span style=\"font-weight: 400;\">\u00a0Grabar<\/span><\/p>\n&nbsp;\n<p style=\"text-align: center;\"><b>DAMJANI\u0106<\/b><\/p>\n<p style=\"text-align: center;\">\u00a0Clemente<\/p>\n&nbsp;\n<p style=\"text-align: center;\"><b>IN SYLVIS<\/b><\/p>\n<p style=\"text-align: center;\">Arbor Cuv\u00e9e<\/p>\n<p style=\"text-align: center;\">Ros\u00e9 Teran<\/p>\n&nbsp;\n<p style=\"text-align: center;\"><b>POLETTI<\/b><\/p>\n<p style=\"text-align: center;\">Cabernet Sauvignon<\/p>\n<p style=\"text-align: center;\">Borgonja<\/p>\n&nbsp;\n<p style=\"text-align: center;\"><b>RADOVAN<\/b><\/p>\n<p style=\"text-align: center;\">Merlot<\/p>\n&nbsp;\n<p style=\"text-align: center;\"><b>AB VINA<\/b><\/p>\n<p style=\"text-align: center;\">Borgonja<\/p>\n&nbsp;\n<p style=\"text-align: center;\"><b>POLEIS<\/b><\/p>\n<p style=\"text-align: center;\">Borgonja<\/p>\n&nbsp;\n<p style=\"text-align: center;\"><b>VERALDA<\/b><\/p>\n<p style=\"text-align: center;\">Refo\u0161k<\/p>\n&nbsp;\n<p style=\"text-align: center;\"><b>KOZLOVI\u0106<\/b><\/p>\n<p style=\"text-align: center;\">\u00a0Violetta<\/p>\n&nbsp;\n<h4 style=\"text-align: center;\"><b>International White Wines<\/b><\/h4>\n&nbsp;\n<p style=\"text-align: center;\"><b>MONTEZOVO<\/b><\/p>\n<p style=\"text-align: center;\">Pinot Grigio<\/p>\n&nbsp;\n<p style=\"text-align: center;\"><b>RONCO SEVERO<\/b><\/p>\n<p style=\"text-align: center;\">Pinot Grigio<\/p>\n<p style=\"text-align: center;\">Ribolla Gialla<\/p>\n&nbsp;\n<p style=\"text-align: center;\"><b>TORMARESCA<\/b><\/p>\n<p style=\"text-align: center;\">Chardonnay Pietrabianca<\/p>\n&nbsp;\n<p style=\"text-align: center;\"><b>CANTINA GIRLAN<\/b><\/p>\n<p style=\"text-align: center;\">Gewurztraminer<\/p>\n&nbsp;\n<h4 style=\"text-align: center;\"><b>Champagne &amp; Bubbles<\/b><\/h4>\n&nbsp;\n<p style=\"text-align: center;\"><b>TAITTINGER<\/b><\/p>\n<p style=\"text-align: center;\">Brut Reserve Champagne<\/p>\n&nbsp;\n<p style=\"text-align: center;\"><strong>FRANCIACORTA (MONTENISA)<\/strong><\/p>\n<p style=\"text-align: center;\">\u00a0Cuve Royal<\/p>\n&nbsp;\n<p style=\"text-align: center;\"><b>SACHETTO<\/b><\/p>\n<p style=\"text-align: center;\">\u00a0Prosecco Etichetta Nera Millesimato<\/p>\n&nbsp;\n<h4 style=\"text-align: center;\"><b>International Red Wines<\/b><\/h4>\n&nbsp;\n<p style=\"text-align: center;\"><b>TORMARESCA<\/b><\/p>\n<p style=\"text-align: center;\">Primitivo Torcicoda<\/p>\n&nbsp;\n<p style=\"text-align: center;\"><b>A MANO<\/b><\/p>\n<p style=\"text-align: center;\"><span style=\"font-weight: 400;\">Primitivo<\/span><\/p>\n&nbsp;\n<p style=\"text-align: center;\"><b>TALO<\/b><\/p>\n<p style=\"text-align: center;\">Primitivo di Manduria<\/p>\n<p style=\"text-align: center;\">Anniversario 62 Primitivo Manduria<\/p>\n<p style=\"text-align: center;\">Malvasia nera<\/p>\n&nbsp;\n<p style=\"text-align: center;\"><b>ANTINORI<\/b><\/p>\n<p style=\"text-align: center;\">Villa Antinori Rosso (Sangiovese\/Cab. Sauv.\/Merlot\/Syrah)<\/p>\n<p style=\"text-align: center;\">Pian delle Vigne Brunello di Montalcino<\/p>\n<p style=\"text-align: center;\">Villa Antinori Tignanello Chianti Classico Riserva<\/p>\n<p style=\"text-align: center;\">Villa Antinori Tignanello (Sangiovese, Cab. Sauv., Cab. Franc)<\/p>\n<p style=\"text-align: center;\">Villa Antinori Badia Passignano Chianti Cl. Gran Sel.<\/p>\n<p style=\"text-align: center;\">Villa Antinori Peppoli Chianti Classico<\/p>\n<p style=\"text-align: center;\">La Braccesca Nobile di Montepulciano<\/p>\n&nbsp;\n<p style=\"text-align: center;\"><b>PRUNOTTO<\/b><\/p>\n<p style=\"text-align: center;\">Barolo<\/p>\n&nbsp;\n<p style=\"text-align: center;\"><b>SANTA CRISTINA<\/b><\/p>\n<p style=\"text-align: center;\">\u00a0Chianti Superiore (Sangiovese\/Merlot)<\/p>\n&nbsp;\n<p style=\"text-align: center;\"><b>MASI<\/b><\/p>\n<p style=\"text-align: center;\">Monte Piazzo Valpolicella Classica Superiore<\/p>\n<p style=\"text-align: center;\">Amarone Classico Costasera<\/p>\n<p style=\"text-align: center;\">Amarone Vaio Armaron<\/p>\n&nbsp;\n<h4 style=\"text-align: center;\"><b>Sweet Red Wine<\/b><\/h4>\n<p style=\"text-align: center;\"><b>MONTEZOVO<\/b><\/p>\n<p style=\"text-align: center;\">Reciotto della Valpolicella<\/p>\n&nbsp;\n<h4 style=\"text-align: center;\"><b>France<\/b><\/h4>\n&nbsp;\n<p style=\"text-align: center;\"><b>BOUVET LADUBAY<\/b><\/p>\n<p style=\"text-align: center;\">Spumante Saphire Samur Brut<\/p>\n<p style=\"text-align: center;\">Spumante Instict<\/p>\n&nbsp;\n<h4 style=\"text-align: center;\"><b>Portugal<\/b><\/h4>\n&nbsp;\n<p style=\"text-align: center;\"><b>GRAHAM'S<\/b><\/p>\n<p style=\"text-align: center;\">Porto 10<\/p>\n<p style=\"text-align: center;\">Porto 20<\/p>\n<\/div>\n<\/div><\/div>\n<\/section><div class=\"bde-globalblock-872-114 bde-globalblock\">\n<section id=\"bd-fancy-section2\" class=\"bde-section-893-100-893-1 bde-section bde-section-893-100\">\n              \n  \n\t\n\n  <div class=\"section-background-overlay\"><\/div>\n\n\n<div class=\"section-container\"><h2 class=\"bde-heading-893-101-893-1 bde-heading bde-heading-893-101\" data-entrance=\"slideUp\">\nRESERVE A TABLE\n<\/h2><div class=\"bde-text-893-102-893-1 bde-text bde-text-893-102\" data-entrance=\"slideUp\">\nWhether you're a food enthusiast, an explorer of Istria\u2019s wine trails, or simply seeking a peaceful escape into nature, Konoba Vorichi offers a sensory experience you'll gladly remember.<br>\n<\/div><div class=\"bde-button-893-103-893-1 bde-button bde-button-893-103\" data-entrance=\"slideUp\">\n    \n                                    \n    \n    \n    \n    \n            \n                    \n            \n            \n\n    \n    \n    \n    \n    \n    <a class=\"breakdance-link button-atom button-atom--secondary bde-button__button\" href=\"https:\/\/konobavorichi.com\/en\/contact\/\" target=\"_self\" data-type=\"url\"  >\n\n    \n        <span class=\"button-atom__text\">RESERVE A TABLE<\/span>\n\n        \n        \n                <\/a>\n\n    \n\n\n<\/div><\/div>\n<\/section>\n<\/div>","protected":false},"excerpt":{"rendered":"<p>Wine list Local White Wines RADOVAN \u00a0Malvazija Chardonnay &nbsp; CUJ \u00a0Malvazija &nbsp; TOMAZ \u00a0Sesto Senso &nbsp; KABOLA Amfora Mu\u0161katelo (0,5 l) &nbsp; PIQUENTUM Malvazija &nbsp; DOBRAVAC Simminor \u00a0Simfonija &nbsp; GHIRA Madura Tortura (White Muscat) (0.75 l) \u0160\u010du\u0107a (White Muscat) (0.5 l) &nbsp; VERALDA \u00a0Castagnari Le Rote Xtrian Brut &#8211; Ros\u00e9 &nbsp; DAMJANI\u0106 Clemente White &nbsp; [&hellip;]<\/p>\n","protected":false},"author":1,"featured_media":0,"parent":0,"menu_order":0,"comment_status":"closed","ping_status":"closed","template":"","meta":{"_breakdance_hide_in_design_set":false,"_breakdance_tags":"","footnotes":""},"class_list":["post-872","page","type-page","status-publish","hentry"],"yoast_head":"<!-- This site is optimized with the Yoast SEO plugin v24.3 - https:\/\/yoast.com\/wordpress\/plugins\/seo\/ -->\n<title>Wine List - Orihi, Istria | Konoba Vorichi<\/title>\n<meta name=\"description\" content=\"Razmotrite ponudu poznatih doma\u0107ih istarskih vina - Tomaz, Tomac, Radovan, Kabola, Dobravac, Ghira, Clai, Benvenuti i drugi. Opustite se u Istri uz \u010da\u0161u vina!\" \/>\n<meta name=\"robots\" content=\"index, follow, max-snippet:-1, max-image-preview:large, max-video-preview:-1\" \/>\n<link rel=\"canonical\" href=\"https:\/\/konobavorichi.com\/en\/wine-list\/\" \/>\n<meta property=\"og:locale\" content=\"en_US\" \/>\n<meta property=\"og:type\" content=\"article\" \/>\n<meta property=\"og:title\" content=\"Wine List - Orihi, Istria | Konoba Vorichi\" \/>\n<meta property=\"og:description\" content=\"Razmotrite ponudu poznatih doma\u0107ih istarskih vina - Tomaz, Tomac, Radovan, Kabola, Dobravac, Ghira, Clai, Benvenuti i drugi. Opustite se u Istri uz \u010da\u0161u vina!\" \/>\n<meta property=\"og:url\" content=\"https:\/\/konobavorichi.com\/en\/wine-list\/\" \/>\n<meta property=\"og:site_name\" content=\"Konoba Vorichi\" \/>\n<meta property=\"article:modified_time\" content=\"2025-05-23T11:13:21+00:00\" \/>\n<meta name=\"twitter:card\" content=\"summary_large_image\" \/>\n<meta name=\"twitter:label1\" content=\"Est. reading time\" \/>\n\t<meta name=\"twitter:data1\" content=\"3 minutes\" \/>\n<script type=\"application\/ld+json\" class=\"yoast-schema-graph\">{\"@context\":\"https:\/\/schema.org\",\"@graph\":[{\"@type\":\"WebPage\",\"@id\":\"https:\/\/konobavorichi.com\/en\/wine-list\/\",\"url\":\"https:\/\/konobavorichi.com\/en\/wine-list\/\",\"name\":\"Wine List - Orihi, Istria | Konoba Vorichi\",\"isPartOf\":{\"@id\":\"https:\/\/konobavorichi.com\/en\/#website\"},\"datePublished\":\"2025-03-24T10:32:06+00:00\",\"dateModified\":\"2025-05-23T11:13:21+00:00\",\"description\":\"Razmotrite ponudu poznatih doma\u0107ih istarskih vina - Tomaz, Tomac, Radovan, Kabola, Dobravac, Ghira, Clai, Benvenuti i drugi. Opustite se u Istri uz \u010da\u0161u vina!\",\"breadcrumb\":{\"@id\":\"https:\/\/konobavorichi.com\/en\/wine-list\/#breadcrumb\"},\"inLanguage\":\"en-US\",\"potentialAction\":[{\"@type\":\"ReadAction\",\"target\":[\"https:\/\/konobavorichi.com\/en\/wine-list\/\"]}]},{\"@type\":\"BreadcrumbList\",\"@id\":\"https:\/\/konobavorichi.com\/en\/wine-list\/#breadcrumb\",\"itemListElement\":[{\"@type\":\"ListItem\",\"position\":1,\"name\":\"Po\u010detna stranica\",\"item\":\"https:\/\/konobavorichi.com\/en\/\"},{\"@type\":\"ListItem\",\"position\":2,\"name\":\"Wine List\"}]},{\"@type\":\"WebSite\",\"@id\":\"https:\/\/konobavorichi.com\/en\/#website\",\"url\":\"https:\/\/konobavorichi.com\/en\/\",\"name\":\"Konoba Vorichi\",\"description\":\"\",\"potentialAction\":[{\"@type\":\"SearchAction\",\"target\":{\"@type\":\"EntryPoint\",\"urlTemplate\":\"https:\/\/konobavorichi.com\/en\/?s={search_term_string}\"},\"query-input\":{\"@type\":\"PropertyValueSpecification\",\"valueRequired\":true,\"valueName\":\"search_term_string\"}}],\"inLanguage\":\"en-US\"}]}<\/script>\n<!-- \/ Yoast SEO plugin. -->","yoast_head_json":{"title":"Wine List - Orihi, Istria | Konoba Vorichi","description":"Razmotrite ponudu poznatih doma\u0107ih istarskih vina - Tomaz, Tomac, Radovan, Kabola, Dobravac, Ghira, Clai, Benvenuti i drugi. Opustite se u Istri uz \u010da\u0161u vina!","robots":{"index":"index","follow":"follow","max-snippet":"max-snippet:-1","max-image-preview":"max-image-preview:large","max-video-preview":"max-video-preview:-1"},"canonical":"https:\/\/konobavorichi.com\/en\/wine-list\/","og_locale":"en_US","og_type":"article","og_title":"Wine List - Orihi, Istria | Konoba Vorichi","og_description":"Razmotrite ponudu poznatih doma\u0107ih istarskih vina - Tomaz, Tomac, Radovan, Kabola, Dobravac, Ghira, Clai, Benvenuti i drugi. Opustite se u Istri uz \u010da\u0161u vina!","og_url":"https:\/\/konobavorichi.com\/en\/wine-list\/","og_site_name":"Konoba Vorichi","article_modified_time":"2025-05-23T11:13:21+00:00","twitter_card":"summary_large_image","twitter_misc":{"Est. reading time":"3 minutes"},"schema":{"@context":"https:\/\/schema.org","@graph":[{"@type":"WebPage","@id":"https:\/\/konobavorichi.com\/en\/wine-list\/","url":"https:\/\/konobavorichi.com\/en\/wine-list\/","name":"Wine List - Orihi, Istria | Konoba Vorichi","isPartOf":{"@id":"https:\/\/konobavorichi.com\/en\/#website"},"datePublished":"2025-03-24T10:32:06+00:00","dateModified":"2025-05-23T11:13:21+00:00","description":"Razmotrite ponudu poznatih doma\u0107ih istarskih vina - Tomaz, Tomac, Radovan, Kabola, Dobravac, Ghira, Clai, Benvenuti i drugi. Opustite se u Istri uz \u010da\u0161u vina!","breadcrumb":{"@id":"https:\/\/konobavorichi.com\/en\/wine-list\/#breadcrumb"},"inLanguage":"en-US","potentialAction":[{"@type":"ReadAction","target":["https:\/\/konobavorichi.com\/en\/wine-list\/"]}]},{"@type":"BreadcrumbList","@id":"https:\/\/konobavorichi.com\/en\/wine-list\/#breadcrumb","itemListElement":[{"@type":"ListItem","position":1,"name":"Po\u010detna stranica","item":"https:\/\/konobavorichi.com\/en\/"},{"@type":"ListItem","position":2,"name":"Wine List"}]},{"@type":"WebSite","@id":"https:\/\/konobavorichi.com\/en\/#website","url":"https:\/\/konobavorichi.com\/en\/","name":"Konoba Vorichi","description":"","potentialAction":[{"@type":"SearchAction","target":{"@type":"EntryPoint","urlTemplate":"https:\/\/konobavorichi.com\/en\/?s={search_term_string}"},"query-input":{"@type":"PropertyValueSpecification","valueRequired":true,"valueName":"search_term_string"}}],"inLanguage":"en-US"}]}},"_links":{"self":[{"href":"https:\/\/konobavorichi.com\/en\/wp-json\/wp\/v2\/pages\/872","targetHints":{"allow":["GET"]}}],"collection":[{"href":"https:\/\/konobavorichi.com\/en\/wp-json\/wp\/v2\/pages"}],"about":[{"href":"https:\/\/konobavorichi.com\/en\/wp-json\/wp\/v2\/types\/page"}],"author":[{"embeddable":true,"href":"https:\/\/konobavorichi.com\/en\/wp-json\/wp\/v2\/users\/1"}],"replies":[{"embeddable":true,"href":"https:\/\/konobavorichi.com\/en\/wp-json\/wp\/v2\/comments?post=872"}],"version-history":[{"count":4,"href":"https:\/\/konobavorichi.com\/en\/wp-json\/wp\/v2\/pages\/872\/revisions"}],"predecessor-version":[{"id":928,"href":"https:\/\/konobavorichi.com\/en\/wp-json\/wp\/v2\/pages\/872\/revisions\/928"}],"wp:attachment":[{"href":"https:\/\/konobavorichi.com\/en\/wp-json\/wp\/v2\/media?parent=872"}],"curies":[{"name":"wp","href":"https:\/\/api.w.org\/{rel}","templated":true}]}}