{"id":868,"date":"2025-03-21T11:40:10","date_gmt":"2025-03-21T10:40:10","guid":{"rendered":"https:\/\/konobavorichi.com\/galerija\/"},"modified":"2025-05-23T13:13:28","modified_gmt":"2025-05-23T11:13:28","slug":"gallery","status":"publish","type":"page","link":"https:\/\/konobavorichi.com\/en\/gallery\/","title":{"rendered":"Gallery"},"content":{"rendered":"<section class=\"bde-section-868-147 bde-section\">\n              \n  \n\t\n\n  <div class=\"section-background-overlay\"><\/div>\n\n\n<div class=\"section-container\"><div class=\"bde-image-868-149 bde-image\" data-entrance=\"slideDown\">\n<figure class=\"breakdance-image breakdance-image--250\">\n\t<div class=\"breakdance-image-container\">\n\t\t<div class=\"breakdance-image-clip\"><img loading=\"lazy\" decoding=\"async\" class=\"breakdance-image-object\" src=\"https:\/\/konobavorichi.com\/wp-content\/uploads\/2025\/03\/Asset-2@2x.png\" width=\"710\" height=\"341\" sizes=\"auto, (max-width: 710px) 100vw, 710px\"><\/div>\n\t<\/div><\/figure>\n\n<\/div><h1 class=\"bde-heading-868-104 bde-heading\" data-entrance=\"fade\">\nGallery\n<\/h1><\/div>\n<\/section><section class=\"bde-section-868-105 bde-section\">\n              \n  \n\t\n\n  <div class=\"section-background-overlay\"><\/div>\n\n\n<div class=\"section-container\"><div class=\"bde-gallery-868-134 bde-gallery\" data-parallax=\"true\">\n\n\n\n\n\n\n\n\n\n\n\n\n\n<div class=\"ee-gallery ee-gallery--isotope ee-gallery--masonry ee-gallery--single ee-gallery--lightbox ee-gallery-- ee-gallery--caption- ee-gallery--caption-none ee-gallery--ratio\">\n                  \n      <a class=\"ee-gallery-item ee-gallery-item--image ee-gallery-item--single\" href=\"https:\/\/konobavorichi.com\/wp-content\/uploads\/2025\/03\/VORICHI-galerija-18.jpg\"  data-sub-html=\"\" data-category=\"1\"                  data-lg-size=\"982-1500\"\n\n      >\n        <figure class=\"ee-gallery-item-figure\">\n                        <img loading=\"lazy\" decoding=\"async\" class=\"breakdance-image-object\" src=\"https:\/\/konobavorichi.com\/wp-content\/uploads\/2025\/03\/VORICHI-galerija-18.jpg\" width=\"982\" height=\"1500\" sizes=\"auto, (max-width: 982px) 100vw, 982px\">\n          \n                  <\/figure>\n      <\/a>\n\n                \n      <a class=\"ee-gallery-item ee-gallery-item--image ee-gallery-item--single\" href=\"https:\/\/konobavorichi.com\/wp-content\/uploads\/2025\/03\/VORICHI-galerija-2.jpg\"  data-sub-html=\"\" data-category=\"1\"                  data-lg-size=\"1500-1000\"\n\n      >\n        <figure class=\"ee-gallery-item-figure\">\n                        <img loading=\"lazy\" decoding=\"async\" class=\"breakdance-image-object\" src=\"https:\/\/konobavorichi.com\/wp-content\/uploads\/2025\/03\/VORICHI-galerija-2.jpg\" width=\"1500\" height=\"1000\" sizes=\"auto, (max-width: 1500px) 100vw, 1500px\">\n          \n                  <\/figure>\n      <\/a>\n\n                \n      <a class=\"ee-gallery-item ee-gallery-item--image ee-gallery-item--single\" href=\"https:\/\/konobavorichi.com\/wp-content\/uploads\/2025\/03\/VORICHI-galerija-3.jpg\"  data-sub-html=\"\" data-category=\"1\"                  data-lg-size=\"1500-999\"\n\n      >\n        <figure class=\"ee-gallery-item-figure\">\n                        <img loading=\"lazy\" decoding=\"async\" class=\"breakdance-image-object\" src=\"https:\/\/konobavorichi.com\/wp-content\/uploads\/2025\/03\/VORICHI-galerija-3.jpg\" width=\"1500\" height=\"999\" sizes=\"auto, (max-width: 1500px) 100vw, 1500px\">\n          \n                  <\/figure>\n      <\/a>\n\n                \n      <a class=\"ee-gallery-item ee-gallery-item--image ee-gallery-item--single\" href=\"https:\/\/konobavorichi.com\/wp-content\/uploads\/2025\/03\/vorichi-galerija-01-22.jpg\"  data-sub-html=\"\" data-category=\"1\"                  data-lg-size=\"1000-1500\"\n\n      >\n        <figure class=\"ee-gallery-item-figure\">\n                        <img loading=\"lazy\" decoding=\"async\" class=\"breakdance-image-object\" src=\"https:\/\/konobavorichi.com\/wp-content\/uploads\/2025\/03\/vorichi-galerija-01-22.jpg\" width=\"1000\" height=\"1500\" sizes=\"auto, (max-width: 1000px) 100vw, 1000px\">\n          \n                  <\/figure>\n      <\/a>\n\n                \n      <a class=\"ee-gallery-item ee-gallery-item--image ee-gallery-item--single\" href=\"https:\/\/konobavorichi.com\/wp-content\/uploads\/2025\/03\/VORICHI-galerija-28.jpg\"  data-sub-html=\"\" data-category=\"1\"                  data-lg-size=\"1000-1500\"\n\n      >\n        <figure class=\"ee-gallery-item-figure\">\n                        <img loading=\"lazy\" decoding=\"async\" class=\"breakdance-image-object\" src=\"https:\/\/konobavorichi.com\/wp-content\/uploads\/2025\/03\/VORICHI-galerija-28.jpg\" width=\"1000\" height=\"1500\" sizes=\"auto, (max-width: 1000px) 100vw, 1000px\">\n          \n                  <\/figure>\n      <\/a>\n\n                \n      <a class=\"ee-gallery-item ee-gallery-item--image ee-gallery-item--single\" href=\"https:\/\/konobavorichi.com\/wp-content\/uploads\/2025\/03\/VORICHI-galerija-9.jpg\"  data-sub-html=\"\" data-category=\"1\"                  data-lg-size=\"1500-1000\"\n\n      >\n        <figure class=\"ee-gallery-item-figure\">\n                        <img loading=\"lazy\" decoding=\"async\" class=\"breakdance-image-object\" src=\"https:\/\/konobavorichi.com\/wp-content\/uploads\/2025\/03\/VORICHI-galerija-9.jpg\" width=\"1500\" height=\"1000\" sizes=\"auto, (max-width: 1500px) 100vw, 1500px\">\n          \n                  <\/figure>\n      <\/a>\n\n                \n      <a class=\"ee-gallery-item ee-gallery-item--image ee-gallery-item--single\" href=\"https:\/\/konobavorichi.com\/wp-content\/uploads\/2025\/03\/VORICHI-galerija-10.jpg\"  data-sub-html=\"\" data-category=\"1\"                  data-lg-size=\"1500-1000\"\n\n      >\n        <figure class=\"ee-gallery-item-figure\">\n                        <img loading=\"lazy\" decoding=\"async\" class=\"breakdance-image-object\" src=\"https:\/\/konobavorichi.com\/wp-content\/uploads\/2025\/03\/VORICHI-galerija-10.jpg\" width=\"1500\" height=\"1000\" sizes=\"auto, (max-width: 1500px) 100vw, 1500px\">\n          \n                  <\/figure>\n      <\/a>\n\n                \n      <a class=\"ee-gallery-item ee-gallery-item--image ee-gallery-item--single\" href=\"https:\/\/konobavorichi.com\/wp-content\/uploads\/2025\/03\/VORICHI-galerija-23.jpg\"  data-sub-html=\"\" data-category=\"1\"                  data-lg-size=\"1000-1500\"\n\n      >\n        <figure class=\"ee-gallery-item-figure\">\n                        <img loading=\"lazy\" decoding=\"async\" class=\"breakdance-image-object\" src=\"https:\/\/konobavorichi.com\/wp-content\/uploads\/2025\/03\/VORICHI-galerija-23.jpg\" width=\"1000\" height=\"1500\" sizes=\"auto, (max-width: 1000px) 100vw, 1000px\">\n          \n                  <\/figure>\n      <\/a>\n\n                \n      <a class=\"ee-gallery-item ee-gallery-item--image ee-gallery-item--single\" href=\"https:\/\/konobavorichi.com\/wp-content\/uploads\/2025\/03\/VORICHI-galerija-11.jpg\"  data-sub-html=\"\" data-category=\"1\"                  data-lg-size=\"1500-1000\"\n\n      >\n        <figure class=\"ee-gallery-item-figure\">\n                        <img loading=\"lazy\" decoding=\"async\" class=\"breakdance-image-object\" src=\"https:\/\/konobavorichi.com\/wp-content\/uploads\/2025\/03\/VORICHI-galerija-11.jpg\" width=\"1500\" height=\"1000\" sizes=\"auto, (max-width: 1500px) 100vw, 1500px\">\n          \n                  <\/figure>\n      <\/a>\n\n                \n      <a class=\"ee-gallery-item ee-gallery-item--image ee-gallery-item--single\" href=\"https:\/\/konobavorichi.com\/wp-content\/uploads\/2025\/03\/VORICHI-galerija-13.jpg\"  data-sub-html=\"\" data-category=\"1\"                  data-lg-size=\"1500-1000\"\n\n      >\n        <figure class=\"ee-gallery-item-figure\">\n                        <img loading=\"lazy\" decoding=\"async\" class=\"breakdance-image-object\" src=\"https:\/\/konobavorichi.com\/wp-content\/uploads\/2025\/03\/VORICHI-galerija-13.jpg\" width=\"1500\" height=\"1000\" sizes=\"auto, (max-width: 1500px) 100vw, 1500px\">\n          \n                  <\/figure>\n      <\/a>\n\n                \n      <a class=\"ee-gallery-item ee-gallery-item--image ee-gallery-item--single\" href=\"https:\/\/konobavorichi.com\/wp-content\/uploads\/2025\/03\/VORICHI-galerija-12.jpg\"  data-sub-html=\"\" data-category=\"1\"                  data-lg-size=\"1500-1000\"\n\n      >\n        <figure class=\"ee-gallery-item-figure\">\n                        <img loading=\"lazy\" decoding=\"async\" class=\"breakdance-image-object\" src=\"https:\/\/konobavorichi.com\/wp-content\/uploads\/2025\/03\/VORICHI-galerija-12.jpg\" width=\"1500\" height=\"1000\" sizes=\"auto, (max-width: 1500px) 100vw, 1500px\">\n          \n                  <\/figure>\n      <\/a>\n\n                \n      <a class=\"ee-gallery-item ee-gallery-item--image ee-gallery-item--single\" href=\"https:\/\/konobavorichi.com\/wp-content\/uploads\/2025\/03\/VORICHI-galerija-29.jpg\"  data-sub-html=\"\" data-category=\"1\"                  data-lg-size=\"1000-1500\"\n\n      >\n        <figure class=\"ee-gallery-item-figure\">\n                        <img loading=\"lazy\" decoding=\"async\" class=\"breakdance-image-object\" src=\"https:\/\/konobavorichi.com\/wp-content\/uploads\/2025\/03\/VORICHI-galerija-29.jpg\" width=\"1000\" height=\"1500\" sizes=\"auto, (max-width: 1000px) 100vw, 1000px\">\n          \n                  <\/figure>\n      <\/a>\n\n                \n      <a class=\"ee-gallery-item ee-gallery-item--image ee-gallery-item--single\" href=\"https:\/\/konobavorichi.com\/wp-content\/uploads\/2025\/03\/VORICHI-galerija-14.jpg\"  data-sub-html=\"\" data-category=\"1\"                  data-lg-size=\"1500-1125\"\n\n      >\n        <figure class=\"ee-gallery-item-figure\">\n                        <img loading=\"lazy\" decoding=\"async\" class=\"breakdance-image-object\" src=\"https:\/\/konobavorichi.com\/wp-content\/uploads\/2025\/03\/VORICHI-galerija-14.jpg\" width=\"1500\" height=\"1125\" sizes=\"auto, (max-width: 1500px) 100vw, 1500px\">\n          \n                  <\/figure>\n      <\/a>\n\n                \n      <a class=\"ee-gallery-item ee-gallery-item--image ee-gallery-item--single\" href=\"https:\/\/konobavorichi.com\/wp-content\/uploads\/2025\/03\/VORICHI-galerija-15.jpg\"  data-sub-html=\"\" data-category=\"1\"                  data-lg-size=\"1500-1000\"\n\n      >\n        <figure class=\"ee-gallery-item-figure\">\n                        <img loading=\"lazy\" decoding=\"async\" class=\"breakdance-image-object\" src=\"https:\/\/konobavorichi.com\/wp-content\/uploads\/2025\/03\/VORICHI-galerija-15.jpg\" width=\"1500\" height=\"1000\" sizes=\"auto, (max-width: 1500px) 100vw, 1500px\">\n          \n                  <\/figure>\n      <\/a>\n\n                \n      <a class=\"ee-gallery-item ee-gallery-item--image ee-gallery-item--single\" href=\"https:\/\/konobavorichi.com\/wp-content\/uploads\/2025\/03\/VORICHI-galerija-20.jpg\"  data-sub-html=\"\" data-category=\"1\"                  data-lg-size=\"1500-1000\"\n\n      >\n        <figure class=\"ee-gallery-item-figure\">\n                        <img loading=\"lazy\" decoding=\"async\" class=\"breakdance-image-object\" src=\"https:\/\/konobavorichi.com\/wp-content\/uploads\/2025\/03\/VORICHI-galerija-20.jpg\" width=\"1500\" height=\"1000\" sizes=\"auto, (max-width: 1500px) 100vw, 1500px\">\n          \n                  <\/figure>\n      <\/a>\n\n                \n      <a class=\"ee-gallery-item ee-gallery-item--image ee-gallery-item--single\" href=\"https:\/\/konobavorichi.com\/wp-content\/uploads\/2025\/03\/VORICHI-galerija-17.jpg\"  data-sub-html=\"\" data-category=\"1\"                  data-lg-size=\"1500-1000\"\n\n      >\n        <figure class=\"ee-gallery-item-figure\">\n                        <img loading=\"lazy\" decoding=\"async\" class=\"breakdance-image-object\" src=\"https:\/\/konobavorichi.com\/wp-content\/uploads\/2025\/03\/VORICHI-galerija-17.jpg\" width=\"1500\" height=\"1000\" sizes=\"auto, (max-width: 1500px) 100vw, 1500px\">\n          \n                  <\/figure>\n      <\/a>\n\n                \n      <a class=\"ee-gallery-item ee-gallery-item--image ee-gallery-item--single\" href=\"https:\/\/konobavorichi.com\/wp-content\/uploads\/2025\/03\/VORICHI-galerija-27.jpg\"  data-sub-html=\"\" data-category=\"1\"                  data-lg-size=\"1500-1000\"\n\n      >\n        <figure class=\"ee-gallery-item-figure\">\n                        <img loading=\"lazy\" decoding=\"async\" class=\"breakdance-image-object\" src=\"https:\/\/konobavorichi.com\/wp-content\/uploads\/2025\/03\/VORICHI-galerija-27.jpg\" width=\"1500\" height=\"1000\" sizes=\"auto, (max-width: 1500px) 100vw, 1500px\">\n          \n                  <\/figure>\n      <\/a>\n\n                \n      <a class=\"ee-gallery-item ee-gallery-item--image ee-gallery-item--single\" href=\"https:\/\/konobavorichi.com\/wp-content\/uploads\/2025\/03\/VORICHI-galerija-1.jpg\"  data-sub-html=\"\" data-category=\"1\"                  data-lg-size=\"1000-1500\"\n\n      >\n        <figure class=\"ee-gallery-item-figure\">\n                        <img loading=\"lazy\" decoding=\"async\" class=\"breakdance-image-object\" src=\"https:\/\/konobavorichi.com\/wp-content\/uploads\/2025\/03\/VORICHI-galerija-1.jpg\" width=\"1000\" height=\"1500\" sizes=\"auto, (max-width: 1000px) 100vw, 1000px\">\n          \n                  <\/figure>\n      <\/a>\n\n                \n      <a class=\"ee-gallery-item ee-gallery-item--image ee-gallery-item--single\" href=\"https:\/\/konobavorichi.com\/wp-content\/uploads\/2025\/03\/VORICHI-galerija-5.jpg\"  data-sub-html=\"\" data-category=\"1\"                  data-lg-size=\"846-1500\"\n\n      >\n        <figure class=\"ee-gallery-item-figure\">\n                        <img loading=\"lazy\" decoding=\"async\" class=\"breakdance-image-object\" src=\"https:\/\/konobavorichi.com\/wp-content\/uploads\/2025\/03\/VORICHI-galerija-5.jpg\" width=\"846\" height=\"1500\" sizes=\"auto, (max-width: 846px) 100vw, 846px\">\n          \n                  <\/figure>\n      <\/a>\n\n                \n      <a class=\"ee-gallery-item ee-gallery-item--image ee-gallery-item--single\" href=\"https:\/\/konobavorichi.com\/wp-content\/uploads\/2025\/03\/VORICHI-galerija-6.jpg\"  data-sub-html=\"\" data-category=\"1\"                  data-lg-size=\"846-1500\"\n\n      >\n        <figure class=\"ee-gallery-item-figure\">\n                        <img loading=\"lazy\" decoding=\"async\" class=\"breakdance-image-object\" src=\"https:\/\/konobavorichi.com\/wp-content\/uploads\/2025\/03\/VORICHI-galerija-6.jpg\" width=\"846\" height=\"1500\" sizes=\"auto, (max-width: 846px) 100vw, 846px\">\n          \n                  <\/figure>\n      <\/a>\n\n                \n      <a class=\"ee-gallery-item ee-gallery-item--image ee-gallery-item--single\" href=\"https:\/\/konobavorichi.com\/wp-content\/uploads\/2025\/03\/vorichi-galerija-01-11.jpg\"  data-sub-html=\"\" data-category=\"1\"                  data-lg-size=\"1500-1000\"\n\n      >\n        <figure class=\"ee-gallery-item-figure\">\n                        <img loading=\"lazy\" decoding=\"async\" class=\"breakdance-image-object\" src=\"https:\/\/konobavorichi.com\/wp-content\/uploads\/2025\/03\/vorichi-galerija-01-11.jpg\" width=\"1500\" height=\"1000\" sizes=\"auto, (max-width: 1500px) 100vw, 1500px\">\n          \n                  <\/figure>\n      <\/a>\n\n                \n      <a class=\"ee-gallery-item ee-gallery-item--image ee-gallery-item--single\" href=\"https:\/\/konobavorichi.com\/wp-content\/uploads\/2025\/03\/VORICHI-galerija-8.jpg\"  data-sub-html=\"\" data-category=\"1\"                  data-lg-size=\"1000-1500\"\n\n      >\n        <figure class=\"ee-gallery-item-figure\">\n                        <img loading=\"lazy\" decoding=\"async\" class=\"breakdance-image-object\" src=\"https:\/\/konobavorichi.com\/wp-content\/uploads\/2025\/03\/VORICHI-galerija-8.jpg\" width=\"1000\" height=\"1500\" sizes=\"auto, (max-width: 1000px) 100vw, 1000px\">\n          \n                  <\/figure>\n      <\/a>\n\n                \n      <a class=\"ee-gallery-item ee-gallery-item--image ee-gallery-item--single\" href=\"https:\/\/konobavorichi.com\/wp-content\/uploads\/2025\/03\/VORICHI-galerija-26.jpg\"  data-sub-html=\"\" data-category=\"1\"                  data-lg-size=\"1000-1500\"\n\n      >\n        <figure class=\"ee-gallery-item-figure\">\n                        <img loading=\"lazy\" decoding=\"async\" class=\"breakdance-image-object\" src=\"https:\/\/konobavorichi.com\/wp-content\/uploads\/2025\/03\/VORICHI-galerija-26.jpg\" width=\"1000\" height=\"1500\" sizes=\"auto, (max-width: 1000px) 100vw, 1000px\">\n          \n                  <\/figure>\n      <\/a>\n\n                \n      <a class=\"ee-gallery-item ee-gallery-item--image ee-gallery-item--single\" href=\"https:\/\/konobavorichi.com\/wp-content\/uploads\/2025\/03\/VORICHI-galerija-16.jpg\"  data-sub-html=\"\" data-category=\"1\"                  data-lg-size=\"1000-1500\"\n\n      >\n        <figure class=\"ee-gallery-item-figure\">\n                        <img loading=\"lazy\" decoding=\"async\" class=\"breakdance-image-object\" src=\"https:\/\/konobavorichi.com\/wp-content\/uploads\/2025\/03\/VORICHI-galerija-16.jpg\" width=\"1000\" height=\"1500\" sizes=\"auto, (max-width: 1000px) 100vw, 1000px\">\n          \n                  <\/figure>\n      <\/a>\n\n                \n      <a class=\"ee-gallery-item ee-gallery-item--image ee-gallery-item--single\" href=\"https:\/\/konobavorichi.com\/wp-content\/uploads\/2025\/03\/VORICHI-galerija-19.jpg\"  data-sub-html=\"\" data-category=\"1\"                  data-lg-size=\"1000-1500\"\n\n      >\n        <figure class=\"ee-gallery-item-figure\">\n                        <img loading=\"lazy\" decoding=\"async\" class=\"breakdance-image-object\" src=\"https:\/\/konobavorichi.com\/wp-content\/uploads\/2025\/03\/VORICHI-galerija-19.jpg\" width=\"1000\" height=\"1500\" sizes=\"auto, (max-width: 1000px) 100vw, 1000px\">\n          \n                  <\/figure>\n      <\/a>\n\n                \n      <a class=\"ee-gallery-item ee-gallery-item--image ee-gallery-item--single\" href=\"https:\/\/konobavorichi.com\/wp-content\/uploads\/2025\/03\/VORICHI-galerija-22.jpg\"  data-sub-html=\"\" data-category=\"1\"                  data-lg-size=\"1000-1500\"\n\n      >\n        <figure class=\"ee-gallery-item-figure\">\n                        <img loading=\"lazy\" decoding=\"async\" class=\"breakdance-image-object\" src=\"https:\/\/konobavorichi.com\/wp-content\/uploads\/2025\/03\/VORICHI-galerija-22.jpg\" width=\"1000\" height=\"1500\" sizes=\"auto, (max-width: 1000px) 100vw, 1000px\">\n          \n                  <\/figure>\n      <\/a>\n\n        \n      <div class=\"ee-gallery-gutter\"><\/div>\n  <\/div>\n\n\n\n<\/div><\/div>\n<\/section><div class=\"bde-globalblock-868-146 bde-globalblock\">\n<section id=\"bd-fancy-section2\" class=\"bde-section-590-100-590-1 bde-section bde-section-590-100\">\n              \n  \n\t\n\n  <div class=\"section-background-overlay\"><\/div>\n\n\n<div class=\"section-container\"><h2 class=\"bde-heading-590-101-590-1 bde-heading bde-heading-590-101\" data-entrance=\"slideUp\">\nREZERVIRAJTE STOL\n<\/h2><div class=\"bde-text-590-102-590-1 bde-text bde-text-590-102\" data-entrance=\"slideUp\">\nBilo da ste zaljubljenik u gastronomiju, istra\u017eiva\u010d istarskih vinskih staza ili jednostavno tra\u017eite bijeg i dodir prirode, Konoba Vorichi nudi vam do\u017eivljaj za nepce kojeg \u0107ete se rado sje\u0107ati.\n<\/div><div class=\"bde-button-590-103-590-1 bde-button bde-button-590-103\" data-entrance=\"slideUp\">\n    \n                                    \n    \n    \n    \n    \n            \n                    \n            \n            \n\n    \n    \n    \n    \n    \n    <a class=\"breakdance-link button-atom button-atom--secondary bde-button__button\" href=\"https:\/\/konobavorichi.com\/kontakti\/\" target=\"_self\" data-type=\"url\"  >\n\n    \n        <span class=\"button-atom__text\">REZERVIRAJTE <\/span>\n\n        \n        \n                <\/a>\n\n    \n\n\n<\/div><\/div>\n<\/section>\n<\/div>","protected":false},"excerpt":{"rendered":"<p>Gallery REZERVIRAJTE STOL Bilo da ste zaljubljenik u gastronomiju, istra\u017eiva\u010d istarskih vinskih staza ili jednostavno tra\u017eite bijeg i dodir prirode, Konoba Vorichi nudi vam do\u017eivljaj za nepce kojeg \u0107ete se rado sje\u0107ati. REZERVIRAJTE<\/p>\n","protected":false},"author":1,"featured_media":0,"parent":0,"menu_order":0,"comment_status":"closed","ping_status":"closed","template":"","meta":{"_breakdance_hide_in_design_set":false,"_breakdance_tags":"","footnotes":""},"class_list":["post-868","page","type-page","status-publish","hentry"],"yoast_head":"<!-- This site is optimized with the Yoast SEO plugin v24.3 - https:\/\/yoast.com\/wordpress\/plugins\/seo\/ -->\n<title>Gallery of Traditional Istrian Dishes | Konoba Vorichi<\/title>\n<meta name=\"description\" content=\"Explore the gallery of traditionally prepared Istrian dishes and take a look at the interior and exterior of Konoba Vorichi in Orihi, Istria. Delight in local cuisine!\" \/>\n<meta name=\"robots\" content=\"index, follow, max-snippet:-1, max-image-preview:large, max-video-preview:-1\" \/>\n<link rel=\"canonical\" href=\"https:\/\/konobavorichi.com\/en\/gallery\/\" \/>\n<meta property=\"og:locale\" content=\"en_US\" \/>\n<meta property=\"og:type\" content=\"article\" \/>\n<meta property=\"og:title\" content=\"Gallery of Traditional Istrian Dishes | Konoba Vorichi\" \/>\n<meta property=\"og:description\" content=\"Explore the gallery of traditionally prepared Istrian dishes and take a look at the interior and exterior of Konoba Vorichi in Orihi, Istria. Delight in local cuisine!\" \/>\n<meta property=\"og:url\" content=\"https:\/\/konobavorichi.com\/en\/gallery\/\" \/>\n<meta property=\"og:site_name\" content=\"Konoba Vorichi\" \/>\n<meta property=\"article:modified_time\" content=\"2025-05-23T11:13:28+00:00\" \/>\n<meta name=\"twitter:card\" content=\"summary_large_image\" \/>\n<meta name=\"twitter:label1\" content=\"Est. reading time\" \/>\n\t<meta name=\"twitter:data1\" content=\"6 minutes\" \/>\n<script type=\"application\/ld+json\" class=\"yoast-schema-graph\">{\"@context\":\"https:\/\/schema.org\",\"@graph\":[{\"@type\":\"WebPage\",\"@id\":\"https:\/\/konobavorichi.com\/en\/gallery\/\",\"url\":\"https:\/\/konobavorichi.com\/en\/gallery\/\",\"name\":\"Gallery of Traditional Istrian Dishes | Konoba Vorichi\",\"isPartOf\":{\"@id\":\"https:\/\/konobavorichi.com\/en\/#website\"},\"datePublished\":\"2025-03-21T10:40:10+00:00\",\"dateModified\":\"2025-05-23T11:13:28+00:00\",\"description\":\"Explore the gallery of traditionally prepared Istrian dishes and take a look at the interior and exterior of Konoba Vorichi in Orihi, Istria. Delight in local cuisine!\",\"breadcrumb\":{\"@id\":\"https:\/\/konobavorichi.com\/en\/gallery\/#breadcrumb\"},\"inLanguage\":\"en-US\",\"potentialAction\":[{\"@type\":\"ReadAction\",\"target\":[\"https:\/\/konobavorichi.com\/en\/gallery\/\"]}]},{\"@type\":\"BreadcrumbList\",\"@id\":\"https:\/\/konobavorichi.com\/en\/gallery\/#breadcrumb\",\"itemListElement\":[{\"@type\":\"ListItem\",\"position\":1,\"name\":\"Po\u010detna stranica\",\"item\":\"https:\/\/konobavorichi.com\/en\/\"},{\"@type\":\"ListItem\",\"position\":2,\"name\":\"Gallery\"}]},{\"@type\":\"WebSite\",\"@id\":\"https:\/\/konobavorichi.com\/en\/#website\",\"url\":\"https:\/\/konobavorichi.com\/en\/\",\"name\":\"Konoba Vorichi\",\"description\":\"\",\"potentialAction\":[{\"@type\":\"SearchAction\",\"target\":{\"@type\":\"EntryPoint\",\"urlTemplate\":\"https:\/\/konobavorichi.com\/en\/?s={search_term_string}\"},\"query-input\":{\"@type\":\"PropertyValueSpecification\",\"valueRequired\":true,\"valueName\":\"search_term_string\"}}],\"inLanguage\":\"en-US\"}]}<\/script>\n<!-- \/ Yoast SEO plugin. -->","yoast_head_json":{"title":"Gallery of Traditional Istrian Dishes | Konoba Vorichi","description":"Explore the gallery of traditionally prepared Istrian dishes and take a look at the interior and exterior of Konoba Vorichi in Orihi, Istria. Delight in local cuisine!","robots":{"index":"index","follow":"follow","max-snippet":"max-snippet:-1","max-image-preview":"max-image-preview:large","max-video-preview":"max-video-preview:-1"},"canonical":"https:\/\/konobavorichi.com\/en\/gallery\/","og_locale":"en_US","og_type":"article","og_title":"Gallery of Traditional Istrian Dishes | Konoba Vorichi","og_description":"Explore the gallery of traditionally prepared Istrian dishes and take a look at the interior and exterior of Konoba Vorichi in Orihi, Istria. Delight in local cuisine!","og_url":"https:\/\/konobavorichi.com\/en\/gallery\/","og_site_name":"Konoba Vorichi","article_modified_time":"2025-05-23T11:13:28+00:00","twitter_card":"summary_large_image","twitter_misc":{"Est. reading time":"6 minutes"},"schema":{"@context":"https:\/\/schema.org","@graph":[{"@type":"WebPage","@id":"https:\/\/konobavorichi.com\/en\/gallery\/","url":"https:\/\/konobavorichi.com\/en\/gallery\/","name":"Gallery of Traditional Istrian Dishes | Konoba Vorichi","isPartOf":{"@id":"https:\/\/konobavorichi.com\/en\/#website"},"datePublished":"2025-03-21T10:40:10+00:00","dateModified":"2025-05-23T11:13:28+00:00","description":"Explore the gallery of traditionally prepared Istrian dishes and take a look at the interior and exterior of Konoba Vorichi in Orihi, Istria. Delight in local cuisine!","breadcrumb":{"@id":"https:\/\/konobavorichi.com\/en\/gallery\/#breadcrumb"},"inLanguage":"en-US","potentialAction":[{"@type":"ReadAction","target":["https:\/\/konobavorichi.com\/en\/gallery\/"]}]},{"@type":"BreadcrumbList","@id":"https:\/\/konobavorichi.com\/en\/gallery\/#breadcrumb","itemListElement":[{"@type":"ListItem","position":1,"name":"Po\u010detna stranica","item":"https:\/\/konobavorichi.com\/en\/"},{"@type":"ListItem","position":2,"name":"Gallery"}]},{"@type":"WebSite","@id":"https:\/\/konobavorichi.com\/en\/#website","url":"https:\/\/konobavorichi.com\/en\/","name":"Konoba Vorichi","description":"","potentialAction":[{"@type":"SearchAction","target":{"@type":"EntryPoint","urlTemplate":"https:\/\/konobavorichi.com\/en\/?s={search_term_string}"},"query-input":{"@type":"PropertyValueSpecification","valueRequired":true,"valueName":"search_term_string"}}],"inLanguage":"en-US"}]}},"_links":{"self":[{"href":"https:\/\/konobavorichi.com\/en\/wp-json\/wp\/v2\/pages\/868","targetHints":{"allow":["GET"]}}],"collection":[{"href":"https:\/\/konobavorichi.com\/en\/wp-json\/wp\/v2\/pages"}],"about":[{"href":"https:\/\/konobavorichi.com\/en\/wp-json\/wp\/v2\/types\/page"}],"author":[{"embeddable":true,"href":"https:\/\/konobavorichi.com\/en\/wp-json\/wp\/v2\/users\/1"}],"replies":[{"embeddable":true,"href":"https:\/\/konobavorichi.com\/en\/wp-json\/wp\/v2\/comments?post=868"}],"version-history":[{"count":3,"href":"https:\/\/konobavorichi.com\/en\/wp-json\/wp\/v2\/pages\/868\/revisions"}],"predecessor-version":[{"id":929,"href":"https:\/\/konobavorichi.com\/en\/wp-json\/wp\/v2\/pages\/868\/revisions\/929"}],"wp:attachment":[{"href":"https:\/\/konobavorichi.com\/en\/wp-json\/wp\/v2\/media?parent=868"}],"curies":[{"name":"wp","href":"https:\/\/api.w.org\/{rel}","templated":true}]}}