{"id":867,"date":"2025-05-20T13:48:01","date_gmt":"2025-05-20T11:48:01","guid":{"rendered":"https:\/\/konobavorichi.com\/eu-projekt\/"},"modified":"2025-05-23T11:25:24","modified_gmt":"2025-05-23T09:25:24","slug":"eu-projekt","status":"publish","type":"page","link":"https:\/\/konobavorichi.com\/en\/eu-projekt\/","title":{"rendered":"EU projekt"},"content":{"rendered":"\n<figure class=\"wp-block-image size-full\"><img loading=\"lazy\" decoding=\"async\" width=\"1024\" height=\"289\" src=\"https:\/\/konobavorichi.com\/wp-content\/uploads\/2025\/05\/EU-logo-1024x289-1.png\" alt=\"\" class=\"wp-image-788\" srcset=\"https:\/\/konobavorichi.com\/wp-content\/uploads\/2025\/05\/EU-logo-1024x289-1.png 1024w, https:\/\/konobavorichi.com\/wp-content\/uploads\/2025\/05\/EU-logo-1024x289-1-300x85.png 300w, https:\/\/konobavorichi.com\/wp-content\/uploads\/2025\/05\/EU-logo-1024x289-1-768x217.png 768w, https:\/\/konobavorichi.com\/wp-content\/uploads\/2025\/05\/EU-logo-1024x289-1-350x100.png 350w\" sizes=\"auto, (max-width: 1024px) 100vw, 1024px\" \/><\/figure>\n\n\n\n<p>\u201e<em>Financira Europska unija \u2013 NextGenerationEU<\/em>\u201d<\/p>\n\n\n\n<p>Naziv poziva: Vau\u010deri za digitalizaciju, NPOO.C1.1.2. R3.-I2.02.<br>Vau\u010der za digitalni marketing<br>Broj projekta: NPOO.C1.1.2.R3-I2.01-V11.0455<br>Naziv projekta: Izrada nove web stranice KONOBA VORICHI<br>Korisni\u010dko ime: CIBUS DIVINUS d.o.o., Orihi 58, 52207 Orihi, Op\u0107ina Barban, OIB: 67156275545<br>Ukupna vrijednost projekta: 4.987,50 EUR<br>Ukupni prihvatljivi tro\u0161kovi: 3.990,00 EUR<br>Potpore: 1.995,00 EUR<\/p>\n\n\n\n<p>Svrha projekta je pove\u0107anje konkurentnosti poslovanja Prijavitelja te ja\u010danje otpornosti digitalizacijom poslovanja ulaganjem u Internet stranicu. Projekt ulaganja u digitalni marketing ima nekoliko klju\u010dnih<br>prednosti i o\u010dekivanih u\u010dinaka (pove\u0107ana vidljivost i dostupnost, bolja komunikacija s gostima, pove\u0107anje povjerenja i reputacije, pove\u0107anje marketin\u0161kih mogu\u0107nosti, pove\u0107anje kvalitete usluge te pove\u0107anje<br>prilagodljivosti i skalabilnost u daljnjem razvoju Internet stranice).<\/p>\n\n\n\n<p>Izrada i implementacija Internet stranice ima i o\u010dekivane u\u010dinke: pove\u0107anje broja gostiju, bolja komunikacija s gostima, bolje<br>informiranje gostiju, ja\u010danje brenda i konkurentnosti, razvoj digitalnog marketinga i digitalnu transformaciju Prijavitelja. <\/p>\n\n\n\n<p>Sadr\u017eaj \u010dlanka isklju\u010diva je odgovornost korisnika CIBUS DIVINUS d.o.o.<\/p>\n\n\n\n<figure class=\"wp-block-image size-full\"><img loading=\"lazy\" decoding=\"async\" width=\"229\" height=\"161\" src=\"https:\/\/konobavorichi.com\/wp-content\/uploads\/2025\/05\/ETR-logo.jpg\" alt=\"\" class=\"wp-image-919\"\/><\/figure>\n","protected":false},"excerpt":{"rendered":"<p>\u201eFinancira Europska unija \u2013 NextGenerationEU\u201d Naziv poziva: Vau\u010deri za digitalizaciju, NPOO.C1.1.2. R3.-I2.02.Vau\u010der za digitalni marketingBroj projekta: NPOO.C1.1.2.R3-I2.01-V11.0455Naziv projekta: Izrada nove web stranice KONOBA VORICHIKorisni\u010dko ime: CIBUS DIVINUS d.o.o., Orihi 58, 52207 Orihi, Op\u0107ina Barban, OIB: 67156275545Ukupna vrijednost projekta: 4.987,50 EURUkupni prihvatljivi tro\u0161kovi: 3.990,00 EURPotpore: 1.995,00 EUR Svrha projekta je pove\u0107anje konkurentnosti poslovanja Prijavitelja te ja\u010danje [&hellip;]<\/p>\n","protected":false},"author":1,"featured_media":0,"parent":0,"menu_order":0,"comment_status":"closed","ping_status":"closed","template":"","meta":{"_breakdance_hide_in_design_set":false,"_breakdance_tags":"","footnotes":""},"class_list":["post-867","page","type-page","status-publish","hentry"],"yoast_head":"<!-- This site is optimized with the Yoast SEO plugin v24.3 - https:\/\/yoast.com\/wordpress\/plugins\/seo\/ -->\n<title>EU projekt - Konoba Vorichi<\/title>\n<meta name=\"robots\" content=\"index, follow, max-snippet:-1, max-image-preview:large, max-video-preview:-1\" \/>\n<link rel=\"canonical\" href=\"https:\/\/konobavorichi.com\/en\/eu-projekt\/\" \/>\n<meta property=\"og:locale\" content=\"en_US\" \/>\n<meta property=\"og:type\" content=\"article\" \/>\n<meta property=\"og:title\" content=\"EU projekt - Konoba Vorichi\" \/>\n<meta property=\"og:description\" content=\"\u201eFinancira Europska unija \u2013 NextGenerationEU\u201d Naziv poziva: Vau\u010deri za digitalizaciju, NPOO.C1.1.2. R3.-I2.02.Vau\u010der za digitalni marketingBroj projekta: NPOO.C1.1.2.R3-I2.01-V11.0455Naziv projekta: Izrada nove web stranice KONOBA VORICHIKorisni\u010dko ime: CIBUS DIVINUS d.o.o., Orihi 58, 52207 Orihi, Op\u0107ina Barban, OIB: 67156275545Ukupna vrijednost projekta: 4.987,50 EURUkupni prihvatljivi tro\u0161kovi: 3.990,00 EURPotpore: 1.995,00 EUR Svrha projekta je pove\u0107anje konkurentnosti poslovanja Prijavitelja te ja\u010danje [&hellip;]\" \/>\n<meta property=\"og:url\" content=\"https:\/\/konobavorichi.com\/en\/eu-projekt\/\" \/>\n<meta property=\"og:site_name\" content=\"Konoba Vorichi\" \/>\n<meta property=\"article:modified_time\" content=\"2025-05-23T09:25:24+00:00\" \/>\n<meta property=\"og:image\" content=\"https:\/\/konobavorichi.com\/wp-content\/uploads\/2025\/05\/EU-logo-1024x289-1.png\" \/>\n\t<meta property=\"og:image:width\" content=\"1024\" \/>\n\t<meta property=\"og:image:height\" content=\"289\" \/>\n\t<meta property=\"og:image:type\" content=\"image\/png\" \/>\n<meta name=\"twitter:card\" content=\"summary_large_image\" \/>\n<meta name=\"twitter:label1\" content=\"Est. reading time\" \/>\n\t<meta name=\"twitter:data1\" content=\"2 minutes\" \/>\n<script type=\"application\/ld+json\" class=\"yoast-schema-graph\">{\"@context\":\"https:\/\/schema.org\",\"@graph\":[{\"@type\":\"WebPage\",\"@id\":\"https:\/\/konobavorichi.com\/en\/eu-projekt\/\",\"url\":\"https:\/\/konobavorichi.com\/en\/eu-projekt\/\",\"name\":\"EU projekt - Konoba Vorichi\",\"isPartOf\":{\"@id\":\"https:\/\/konobavorichi.com\/en\/#website\"},\"primaryImageOfPage\":{\"@id\":\"https:\/\/konobavorichi.com\/en\/eu-projekt\/#primaryimage\"},\"image\":{\"@id\":\"https:\/\/konobavorichi.com\/en\/eu-projekt\/#primaryimage\"},\"thumbnailUrl\":\"https:\/\/konobavorichi.com\/wp-content\/uploads\/2025\/05\/EU-logo-1024x289-1.png\",\"datePublished\":\"2025-05-20T11:48:01+00:00\",\"dateModified\":\"2025-05-23T09:25:24+00:00\",\"breadcrumb\":{\"@id\":\"https:\/\/konobavorichi.com\/en\/eu-projekt\/#breadcrumb\"},\"inLanguage\":\"en-US\",\"potentialAction\":[{\"@type\":\"ReadAction\",\"target\":[\"https:\/\/konobavorichi.com\/en\/eu-projekt\/\"]}]},{\"@type\":\"ImageObject\",\"inLanguage\":\"en-US\",\"@id\":\"https:\/\/konobavorichi.com\/en\/eu-projekt\/#primaryimage\",\"url\":\"https:\/\/konobavorichi.com\/wp-content\/uploads\/2025\/05\/EU-logo-1024x289-1.png\",\"contentUrl\":\"https:\/\/konobavorichi.com\/wp-content\/uploads\/2025\/05\/EU-logo-1024x289-1.png\"},{\"@type\":\"BreadcrumbList\",\"@id\":\"https:\/\/konobavorichi.com\/en\/eu-projekt\/#breadcrumb\",\"itemListElement\":[{\"@type\":\"ListItem\",\"position\":1,\"name\":\"Po\u010detna stranica\",\"item\":\"https:\/\/konobavorichi.com\/en\/\"},{\"@type\":\"ListItem\",\"position\":2,\"name\":\"EU projekt\"}]},{\"@type\":\"WebSite\",\"@id\":\"https:\/\/konobavorichi.com\/en\/#website\",\"url\":\"https:\/\/konobavorichi.com\/en\/\",\"name\":\"Konoba Vorichi\",\"description\":\"\",\"potentialAction\":[{\"@type\":\"SearchAction\",\"target\":{\"@type\":\"EntryPoint\",\"urlTemplate\":\"https:\/\/konobavorichi.com\/en\/?s={search_term_string}\"},\"query-input\":{\"@type\":\"PropertyValueSpecification\",\"valueRequired\":true,\"valueName\":\"search_term_string\"}}],\"inLanguage\":\"en-US\"}]}<\/script>\n<!-- \/ Yoast SEO plugin. -->","yoast_head_json":{"title":"EU projekt - Konoba Vorichi","robots":{"index":"index","follow":"follow","max-snippet":"max-snippet:-1","max-image-preview":"max-image-preview:large","max-video-preview":"max-video-preview:-1"},"canonical":"https:\/\/konobavorichi.com\/en\/eu-projekt\/","og_locale":"en_US","og_type":"article","og_title":"EU projekt - Konoba Vorichi","og_description":"\u201eFinancira Europska unija \u2013 NextGenerationEU\u201d Naziv poziva: Vau\u010deri za digitalizaciju, NPOO.C1.1.2. R3.-I2.02.Vau\u010der za digitalni marketingBroj projekta: NPOO.C1.1.2.R3-I2.01-V11.0455Naziv projekta: Izrada nove web stranice KONOBA VORICHIKorisni\u010dko ime: CIBUS DIVINUS d.o.o., Orihi 58, 52207 Orihi, Op\u0107ina Barban, OIB: 67156275545Ukupna vrijednost projekta: 4.987,50 EURUkupni prihvatljivi tro\u0161kovi: 3.990,00 EURPotpore: 1.995,00 EUR Svrha projekta je pove\u0107anje konkurentnosti poslovanja Prijavitelja te ja\u010danje [&hellip;]","og_url":"https:\/\/konobavorichi.com\/en\/eu-projekt\/","og_site_name":"Konoba Vorichi","article_modified_time":"2025-05-23T09:25:24+00:00","og_image":[{"width":1024,"height":289,"url":"https:\/\/konobavorichi.com\/wp-content\/uploads\/2025\/05\/EU-logo-1024x289-1.png","type":"image\/png"}],"twitter_card":"summary_large_image","twitter_misc":{"Est. reading time":"2 minutes"},"schema":{"@context":"https:\/\/schema.org","@graph":[{"@type":"WebPage","@id":"https:\/\/konobavorichi.com\/en\/eu-projekt\/","url":"https:\/\/konobavorichi.com\/en\/eu-projekt\/","name":"EU projekt - Konoba Vorichi","isPartOf":{"@id":"https:\/\/konobavorichi.com\/en\/#website"},"primaryImageOfPage":{"@id":"https:\/\/konobavorichi.com\/en\/eu-projekt\/#primaryimage"},"image":{"@id":"https:\/\/konobavorichi.com\/en\/eu-projekt\/#primaryimage"},"thumbnailUrl":"https:\/\/konobavorichi.com\/wp-content\/uploads\/2025\/05\/EU-logo-1024x289-1.png","datePublished":"2025-05-20T11:48:01+00:00","dateModified":"2025-05-23T09:25:24+00:00","breadcrumb":{"@id":"https:\/\/konobavorichi.com\/en\/eu-projekt\/#breadcrumb"},"inLanguage":"en-US","potentialAction":[{"@type":"ReadAction","target":["https:\/\/konobavorichi.com\/en\/eu-projekt\/"]}]},{"@type":"ImageObject","inLanguage":"en-US","@id":"https:\/\/konobavorichi.com\/en\/eu-projekt\/#primaryimage","url":"https:\/\/konobavorichi.com\/wp-content\/uploads\/2025\/05\/EU-logo-1024x289-1.png","contentUrl":"https:\/\/konobavorichi.com\/wp-content\/uploads\/2025\/05\/EU-logo-1024x289-1.png"},{"@type":"BreadcrumbList","@id":"https:\/\/konobavorichi.com\/en\/eu-projekt\/#breadcrumb","itemListElement":[{"@type":"ListItem","position":1,"name":"Po\u010detna stranica","item":"https:\/\/konobavorichi.com\/en\/"},{"@type":"ListItem","position":2,"name":"EU projekt"}]},{"@type":"WebSite","@id":"https:\/\/konobavorichi.com\/en\/#website","url":"https:\/\/konobavorichi.com\/en\/","name":"Konoba Vorichi","description":"","potentialAction":[{"@type":"SearchAction","target":{"@type":"EntryPoint","urlTemplate":"https:\/\/konobavorichi.com\/en\/?s={search_term_string}"},"query-input":{"@type":"PropertyValueSpecification","valueRequired":true,"valueName":"search_term_string"}}],"inLanguage":"en-US"}]}},"_links":{"self":[{"href":"https:\/\/konobavorichi.com\/en\/wp-json\/wp\/v2\/pages\/867","targetHints":{"allow":["GET"]}}],"collection":[{"href":"https:\/\/konobavorichi.com\/en\/wp-json\/wp\/v2\/pages"}],"about":[{"href":"https:\/\/konobavorichi.com\/en\/wp-json\/wp\/v2\/types\/page"}],"author":[{"embeddable":true,"href":"https:\/\/konobavorichi.com\/en\/wp-json\/wp\/v2\/users\/1"}],"replies":[{"embeddable":true,"href":"https:\/\/konobavorichi.com\/en\/wp-json\/wp\/v2\/comments?post=867"}],"version-history":[{"count":1,"href":"https:\/\/konobavorichi.com\/en\/wp-json\/wp\/v2\/pages\/867\/revisions"}],"predecessor-version":[{"id":922,"href":"https:\/\/konobavorichi.com\/en\/wp-json\/wp\/v2\/pages\/867\/revisions\/922"}],"wp:attachment":[{"href":"https:\/\/konobavorichi.com\/en\/wp-json\/wp\/v2\/media?parent=867"}],"curies":[{"name":"wp","href":"https:\/\/api.w.org\/{rel}","templated":true}]}}